{"id":1309,"date":"2025-01-22T12:33:24","date_gmt":"2025-01-22T12:33:24","guid":{"rendered":"https:\/\/meediaralli.ee\/okas\/?page_id=1309"},"modified":"2026-04-01T12:38:25","modified_gmt":"2026-04-01T12:38:25","slug":"evald-okas","status":"publish","type":"page","link":"https:\/\/okasemuuseum.ee\/en\/evald-okas\/","title":{"rendered":"Evald Okas"},"content":{"rendered":"<div data-elementor-type=\"wp-page\" data-elementor-id=\"1309\" class=\"elementor elementor-1309\" data-elementor-post-type=\"page\">\n\t\t\t\t<div class=\"elementor-element elementor-element-453b2409 e-flex e-con-boxed e-con e-parent\" data-id=\"453b2409\" data-element_type=\"container\">\n\t\t\t\t\t<div class=\"e-con-inner\">\n\t\t\t\t<div class=\"elementor-element elementor-element-02f1372 elementor-widget-divider--view-line elementor-widget elementor-widget-divider\" data-id=\"02f1372\" data-element_type=\"widget\" data-widget_type=\"divider.default\">\n\t\t\t\t<div class=\"elementor-widget-container\">\n\t\t\t\t\t\t\t<div class=\"elementor-divider\">\n\t\t\t<span class=\"elementor-divider-separator\">\n\t\t\t\t\t\t<\/span>\n\t\t<\/div>\n\t\t\t\t\t\t<\/div>\n\t\t\t\t<\/div>\n\t\t\t\t<div class=\"elementor-element elementor-element-2e31cfd elementor-widget elementor-widget-spacer\" data-id=\"2e31cfd\" data-element_type=\"widget\" data-widget_type=\"spacer.default\">\n\t\t\t\t<div class=\"elementor-widget-container\">\n\t\t\t\t\t\t\t<div class=\"elementor-spacer\">\n\t\t\t<div class=\"elementor-spacer-inner\"><\/div>\n\t\t<\/div>\n\t\t\t\t\t\t<\/div>\n\t\t\t\t<\/div>\n\t\t\t\t<div class=\"elementor-element elementor-element-3424bc31 elementor-widget elementor-widget-text-editor\" data-id=\"3424bc31\" data-element_type=\"widget\" data-widget_type=\"text-editor.default\">\n\t\t\t\t<div class=\"elementor-widget-container\">\n\t\t\t\t\t\t\t\t\t<h2><strong>EVALD OKASE ELULUGU<\/strong><\/h2><p>Evald Okase vanemad Karl ja Alviine Okas olid p\u00e4rit P\u00f5ltsamaa vallast, isa Adaverest, ema Pajusilt. Kui isa sai k\u00e4tte tisleripaberid, siis nad abiellusid ning asusid 1914. aastal Tallinna. Seal s\u00fcndisid 28. novembril 1915 Evald, 1918. aastal &#8211; Eerik. Esialgu elati Tartu maanteel, siis N\u00f5mmel, kuni isa ehitas 1930. aastate keskel maja Pelgulinna. Karl Okase t\u00f6\u00f6kojast tellisid pildiraame tuntud kunstnikud nt Adamson-Eric, August Jansen, jt. Evald k\u00e4is koolis Raua t\u00e4naval, N\u00f5mmel, l\u00f5puks Reaalkoolis, mille joonistus\u00f5petajad Roman Nyman ja Ludvig Oskar soovitasid tal minna kunstikooli.<br \/>1931. aastal astus Okas Riigi Kunstt\u00f6\u00f6stuskooli dekoratiivmaali osakonda, mida juhatas A.Jansen. Okase lemmik\u00f5ppej\u00f5ude oli 1935. aastal kooli skulptuuriosakonna juhatajaks ning joonistus\u00f5petajaks tulnud Voldenar Mellik. Okas paistis silma nii andekuse, t\u00f6\u00f6kuse kui ka elava temperamendiga.<br \/>1937. aasta kevadel l\u00f5petas ta Riigi Kunstt\u00f6\u00f6stuskooli 6-aastase kursuse kiitusega. J\u00e4rgnes aasta s\u00f5jav\u00e4eteenistust.1938. aasta s\u00fcgisel j\u00e4tkas ta maali\u00f5pinguid Riigi K\u00f5rgemas Kunstikoolis, kus tema \u00f5petajateks olid A. Jansen ning alates 1940. aastast talle eriti imponeerinud Johannes Greenberg. 1939. aastal esines ta esmakordselt Kujutava Kunsti Sihtkapiltali Valitsuse kunsti s\u00fcgisn\u00e4itusel.<br \/>1941. aasta kevadel l\u00f5petas Okas Riigi K\u00f5rgema Kunstikooli. Mobiliseerituna s\u00f5ja algul Punaarmeesse, sattus ta t\u00f6\u00f6pataljoni koosseisus T\u0161ebarkuli L\u00f5una-Uraalides, sealt Kolomnasse, kust teda kutsuti 1942. aasta s\u00fcgisel Jaroslavli, Eesti kunstiansamblitesse. Ta v\u00f5ttis osa J\u00fcri\u00f6\u00f6 \u00fclest\u00f5usu 600. aastap\u00e4evale p\u00fchendatud n\u00e4itusest ning viibis ka rinde l\u00e4histel.<br \/>Saabus rahuaeg. Evald Okas j\u00f5udis koju, kus teda oli ootamas Maria. 1944. aasta s\u00fcgisest oli Evald Okas Tallinna Riikliku Tarbekunsti Instituudi (alates 1951. aastast ENSV Riikliku Kunstiinstituudi) dekoratiiv- ja monumentaalmaali eriala dekaan ning monumentaalmaali- ning joonistamise \u00f5ppej\u00f5ud. T\u00f6\u00f6 k\u00f5rval instituudis s\u00fcndis rikkalik looming, tellimuste k\u00f5rval monumentaalmaalidele ohtralt tahvelmaale, vaba- ja raamatugraafikat. <br \/>1954. aastal sai ta professori nimetuse. 1958. aasta m\u00e4rtsis aprillis toimus tema esimene suur isikun\u00e4itus Tallinna Kunstihoones, millele j\u00e4rgnes ridamisi teisi nii Eestis kui ka v\u00e4ljaspool. Tulid tunnustused ja inspireerivad reisid. Loomingu ja pedagoogit\u00f6\u00f6 k\u00f5rval osales Okas aktiivselt kunstielus ja kultuurielus laiemalt. <br \/>Kunstiinstituudi graafikakateedrist lahkus ta emeriitprofessorina 1993. aastal, olles mitme aastak\u00fcmne v\u00e4ltel olnud paljude noorte graafikute juhendaja. J\u00e4tkus intensiivne loome- ja n\u00e4itusetegevus. Suurt r\u00f5\u00f5mu valmistas talle oma muuseumi avamine Haapsalus 2003. aastal. Viimasel eluk\u00fcmnendilgi ei vaibunud loominguline palang.<br \/>Evald Okas lahkus 30. aprillil 2011. Ta on maetud Metsakalmistule.<\/p>\t\t\t\t\t\t\t\t<\/div>\n\t\t\t\t<\/div>\n\t\t\t\t\t<\/div>\n\t\t\t\t<\/div>\n\t\t<div class=\"elementor-element elementor-element-d9e410f e-flex e-con-boxed e-con e-parent\" data-id=\"d9e410f\" data-element_type=\"container\">\n\t\t\t\t\t<div class=\"e-con-inner\">\n\t\t\t\t<div class=\"elementor-element elementor-element-b4f41c7 elementor-widget-divider--view-line elementor-widget elementor-widget-divider\" data-id=\"b4f41c7\" data-element_type=\"widget\" data-widget_type=\"divider.default\">\n\t\t\t\t<div class=\"elementor-widget-container\">\n\t\t\t\t\t\t\t<div class=\"elementor-divider\">\n\t\t\t<span class=\"elementor-divider-separator\">\n\t\t\t\t\t\t<\/span>\n\t\t<\/div>\n\t\t\t\t\t\t<\/div>\n\t\t\t\t<\/div>\n\t\t\t\t\t<\/div>\n\t\t\t\t<\/div>\n\t\t\t\t<\/div>","protected":false},"excerpt":{"rendered":"<p>EVALD OKASE ELULUGU Evald Okase vanemad Karl ja Alviine Okas olid p\u00e4rit P\u00f5ltsamaa vallast, isa Adaverest, ema Pajusilt. Kui isa sai k\u00e4tte tisleripaberid, siis nad abiellusid ning asusid 1914. aastal Tallinna. Seal s\u00fcndisid 28. novembril 1915 Evald, 1918. aastal &#8211; Eerik. Esialgu elati Tartu maanteel, siis N\u00f5mmel, kuni isa ehitas 1930. aastate keskel maja Pelgulinna. [&hellip;]<\/p>","protected":false},"author":1,"featured_media":0,"parent":0,"menu_order":0,"comment_status":"closed","ping_status":"closed","template":"","meta":{"_acf_changed":false,"site-sidebar-layout":"default","site-content-layout":"","ast-site-content-layout":"default","site-content-style":"default","site-sidebar-style":"default","ast-global-header-display":"","ast-banner-title-visibility":"","ast-main-header-display":"","ast-hfb-above-header-display":"","ast-hfb-below-header-display":"","ast-hfb-mobile-header-display":"","site-post-title":"","ast-breadcrumbs-content":"","ast-featured-img":"","footer-sml-layout":"","theme-transparent-header-meta":"default","adv-header-id-meta":"","stick-header-meta":"","header-above-stick-meta":"","header-main-stick-meta":"","header-below-stick-meta":"","astra-migrate-meta-layouts":"set","ast-page-background-enabled":"default","ast-page-background-meta":{"desktop":{"background-color":"","background-image":"","background-repeat":"repeat","background-position":"center center","background-size":"auto","background-attachment":"scroll","background-type":"","background-media":"","overlay-type":"","overlay-color":"","overlay-opacity":"","overlay-gradient":""},"tablet":{"background-color":"","background-image":"","background-repeat":"repeat","background-position":"center center","background-size":"auto","background-attachment":"scroll","background-type":"","background-media":"","overlay-type":"","overlay-color":"","overlay-opacity":"","overlay-gradient":""},"mobile":{"background-color":"","background-image":"","background-repeat":"repeat","background-position":"center center","background-size":"auto","background-attachment":"scroll","background-type":"","background-media":"","overlay-type":"","overlay-color":"","overlay-opacity":"","overlay-gradient":""}},"ast-content-background-meta":{"desktop":{"background-color":"var(--ast-global-color-5)","background-image":"","background-repeat":"repeat","background-position":"center center","background-size":"auto","background-attachment":"scroll","background-type":"","background-media":"","overlay-type":"","overlay-color":"","overlay-opacity":"","overlay-gradient":""},"tablet":{"background-color":"var(--ast-global-color-5)","background-image":"","background-repeat":"repeat","background-position":"center center","background-size":"auto","background-attachment":"scroll","background-type":"","background-media":"","overlay-type":"","overlay-color":"","overlay-opacity":"","overlay-gradient":""},"mobile":{"background-color":"var(--ast-global-color-5)","background-image":"","background-repeat":"repeat","background-position":"center center","background-size":"auto","background-attachment":"scroll","background-type":"","background-media":"","overlay-type":"","overlay-color":"","overlay-opacity":"","overlay-gradient":""}},"footnotes":""},"class_list":["post-1309","page","type-page","status-publish","hentry"],"acf":[],"_links":{"self":[{"href":"https:\/\/okasemuuseum.ee\/en\/wp-json\/wp\/v2\/pages\/1309","targetHints":{"allow":["GET"]}}],"collection":[{"href":"https:\/\/okasemuuseum.ee\/en\/wp-json\/wp\/v2\/pages"}],"about":[{"href":"https:\/\/okasemuuseum.ee\/en\/wp-json\/wp\/v2\/types\/page"}],"author":[{"embeddable":true,"href":"https:\/\/okasemuuseum.ee\/en\/wp-json\/wp\/v2\/users\/1"}],"replies":[{"embeddable":true,"href":"https:\/\/okasemuuseum.ee\/en\/wp-json\/wp\/v2\/comments?post=1309"}],"version-history":[{"count":23,"href":"https:\/\/okasemuuseum.ee\/en\/wp-json\/wp\/v2\/pages\/1309\/revisions"}],"predecessor-version":[{"id":3678,"href":"https:\/\/okasemuuseum.ee\/en\/wp-json\/wp\/v2\/pages\/1309\/revisions\/3678"}],"wp:attachment":[{"href":"https:\/\/okasemuuseum.ee\/en\/wp-json\/wp\/v2\/media?parent=1309"}],"curies":[{"name":"wp","href":"https:\/\/api.w.org\/{rel}","templated":true}]}}