{"id":1684,"date":"2025-02-22T17:06:02","date_gmt":"2025-02-22T17:06:02","guid":{"rendered":"https:\/\/okasemuuseum.ee\/?page_id=1684"},"modified":"2026-04-01T12:16:32","modified_gmt":"2026-04-01T12:16:32","slug":"kursused","status":"publish","type":"page","link":"https:\/\/okasemuuseum.ee\/en\/kursused\/","title":{"rendered":"Courses"},"content":{"rendered":"<div data-elementor-type=\"wp-page\" data-elementor-id=\"1684\" class=\"elementor elementor-1684\" data-elementor-post-type=\"page\">\n\t\t\t\t<div class=\"elementor-element elementor-element-67eaba37 e-flex e-con-boxed e-con e-parent\" data-id=\"67eaba37\" data-element_type=\"container\">\n\t\t\t\t\t<div class=\"e-con-inner\">\n\t\t\t\t<div class=\"elementor-element elementor-element-6c56543 elementor-widget-divider--view-line elementor-widget elementor-widget-divider\" data-id=\"6c56543\" data-element_type=\"widget\" data-widget_type=\"divider.default\">\n\t\t\t\t<div class=\"elementor-widget-container\">\n\t\t\t\t\t\t\t<div class=\"elementor-divider\">\n\t\t\t<span class=\"elementor-divider-separator\">\n\t\t\t\t\t\t<\/span>\n\t\t<\/div>\n\t\t\t\t\t\t<\/div>\n\t\t\t\t<\/div>\n\t\t\t\t<div class=\"elementor-element elementor-element-bddc482 elementor-widget elementor-widget-spacer\" data-id=\"bddc482\" data-element_type=\"widget\" data-widget_type=\"spacer.default\">\n\t\t\t\t<div class=\"elementor-widget-container\">\n\t\t\t\t\t\t\t<div class=\"elementor-spacer\">\n\t\t\t<div class=\"elementor-spacer-inner\"><\/div>\n\t\t<\/div>\n\t\t\t\t\t\t<\/div>\n\t\t\t\t<\/div>\n\t\t\t\t<div class=\"elementor-element elementor-element-2b2b0a56 elementor-widget elementor-widget-text-editor\" data-id=\"2b2b0a56\" data-element_type=\"widget\" data-widget_type=\"text-editor.default\">\n\t\t\t\t<div class=\"elementor-widget-container\">\n\t\t\t\t\t\t\t\t\t<h2><strong>OKASE MUUSEUMI SUVEKOOL 2026<\/strong><\/h2><p>Okase Muuseumi suvekool j\u00e4tkab sel hooajal taas! <br \/>Suvine koolitusprogramm pakub akadeemilist \u00f5pet k\u00f5igile kunstihuvilistele, oodatud on nii t\u00e4iskasvanud kui noored, kunstnikud kui kunstihuvilised. Kursuste eesm\u00e4rk on tuua inimesi kunsti juurde, julgustada neid kunstiga tegelema ning arendada oskust kunsti vaadata, erialainimestele tutvustada uusi tehnikaid ja v\u00f5imalusi.\u00a0Kaunis Haapsalu vanalinnas asuv muuseumihoone on kaasaegne ja loomingulisest energiast pungil. Ning tegevusi saab l\u00e4bi viia nii majas sees kui \u00f5uealal. Suvekooli kursustel on v\u00f5imalus tuntud eesti kunstnike ja \u00f5ppej\u00f5udude k\u00e4e all omandada teadmisi joonistamises, maalimises ja graafikas.<\/p><h4>\u00a0<\/h4><h4><strong>MAALIMINE<\/strong><\/h4><p><strong>\u00a0<\/strong><strong style=\"font-size: 16px; font-style: normal;\">1.-3. juuli, <\/strong><strong style=\"font-size: 16px; font-style: normal;\">juhendaja EERO ALEV<\/strong><\/p><p>Kolmep\u00e4evane maalikursus nii algajale kui ka edasij\u00f5udnule. Realistliku maali \u00fclesehitus. Natuurist maalimine seadeldise ja elava modelli j\u00e4rgi.<\/p><p>Kursuse tasu: 420 \u20ac (25 akadeemilist tundi, materjalid kursuse hinnas)<\/p><p>\u00a0<\/p><h4><strong>GRAAFIKA<\/strong><\/h4><p><strong>6.-7. juuli, juhendaja LEMBE RUBEN<\/strong><\/p><p>Kursus annab p\u00f5hjaliku sissejuhatuse puidu s\u00fcgavtr\u00fcki tehnikasse. Osalemiseks ei ole vaja eelnevat kogemust. Kursuse l\u00f5puks valmib igal osalejal oma tr\u00fckiste komplekt.<\/p><p>Kursuse tasu: 250 \u20ac\u00a0 (17 akadeemilist tundi, materjalid kursuse hinnas)<\/p><p>\u00a0<\/p><h4><strong>JOONISTAMINE<\/strong><\/h4><p><strong>8.-9. juuli, juhendaja MAIU R\u00d5\u00d5MUS<\/strong><\/p><p>Inimese joonistamine anatoomilise anal\u00fc\u00fcsiga. Joonistamine natuurist modelli j\u00e4rgi nii algajale kui edasij\u00f5udnule.<\/p><p>Kursuse tasu: 250 \u20ac\u00a0 (17 akadeemilist tundi, materjalid kursuse hinnas)<\/p><p>\u00a0<\/p><p><strong>Lisainfo: <\/strong>info@okasemuuseum.ee,\u00a0 \u00a0tel: +372 56478912<\/p>\t\t\t\t\t\t\t\t<\/div>\n\t\t\t\t<\/div>\n\t\t\t\t\t<\/div>\n\t\t\t\t<\/div>\n\t\t<div class=\"elementor-element elementor-element-2497495 e-flex e-con-boxed e-con e-parent\" data-id=\"2497495\" data-element_type=\"container\">\n\t\t\t\t\t<div class=\"e-con-inner\">\n\t\t\t\t<div class=\"elementor-element elementor-element-183e998 elementor-widget-divider--view-line elementor-widget elementor-widget-divider\" data-id=\"183e998\" data-element_type=\"widget\" data-widget_type=\"divider.default\">\n\t\t\t\t<div class=\"elementor-widget-container\">\n\t\t\t\t\t\t\t<div class=\"elementor-divider\">\n\t\t\t<span class=\"elementor-divider-separator\">\n\t\t\t\t\t\t<\/span>\n\t\t<\/div>\n\t\t\t\t\t\t<\/div>\n\t\t\t\t<\/div>\n\t\t\t\t\t<\/div>\n\t\t\t\t<\/div>\n\t\t\t\t<\/div>","protected":false},"excerpt":{"rendered":"<p>OKASE MUUSEUMI SUVEKOOL 2026 Okase Muuseumi suvekool j\u00e4tkab sel hooajal taas! Suvine koolitusprogramm pakub akadeemilist \u00f5pet k\u00f5igile kunstihuvilistele, oodatud on nii t\u00e4iskasvanud kui noored, kunstnikud kui kunstihuvilised. Kursuste eesm\u00e4rk on tuua inimesi kunsti juurde, julgustada neid kunstiga tegelema ning arendada oskust kunsti vaadata, erialainimestele tutvustada uusi tehnikaid ja v\u00f5imalusi.\u00a0Kaunis Haapsalu vanalinnas asuv muuseumihoone on kaasaegne [&hellip;]<\/p>","protected":false},"author":1,"featured_media":0,"parent":0,"menu_order":0,"comment_status":"closed","ping_status":"closed","template":"","meta":{"_acf_changed":false,"site-sidebar-layout":"default","site-content-layout":"","ast-site-content-layout":"default","site-content-style":"default","site-sidebar-style":"default","ast-global-header-display":"","ast-banner-title-visibility":"","ast-main-header-display":"","ast-hfb-above-header-display":"","ast-hfb-below-header-display":"","ast-hfb-mobile-header-display":"","site-post-title":"","ast-breadcrumbs-content":"","ast-featured-img":"","footer-sml-layout":"","theme-transparent-header-meta":"default","adv-header-id-meta":"","stick-header-meta":"","header-above-stick-meta":"","header-main-stick-meta":"","header-below-stick-meta":"","astra-migrate-meta-layouts":"set","ast-page-background-enabled":"default","ast-page-background-meta":{"desktop":{"background-color":"","background-image":"","background-repeat":"repeat","background-position":"center center","background-size":"auto","background-attachment":"scroll","background-type":"","background-media":"","overlay-type":"","overlay-color":"","overlay-opacity":"","overlay-gradient":""},"tablet":{"background-color":"","background-image":"","background-repeat":"repeat","background-position":"center center","background-size":"auto","background-attachment":"scroll","background-type":"","background-media":"","overlay-type":"","overlay-color":"","overlay-opacity":"","overlay-gradient":""},"mobile":{"background-color":"","background-image":"","background-repeat":"repeat","background-position":"center center","background-size":"auto","background-attachment":"scroll","background-type":"","background-media":"","overlay-type":"","overlay-color":"","overlay-opacity":"","overlay-gradient":""}},"ast-content-background-meta":{"desktop":{"background-color":"var(--ast-global-color-5)","background-image":"","background-repeat":"repeat","background-position":"center center","background-size":"auto","background-attachment":"scroll","background-type":"","background-media":"","overlay-type":"","overlay-color":"","overlay-opacity":"","overlay-gradient":""},"tablet":{"background-color":"var(--ast-global-color-5)","background-image":"","background-repeat":"repeat","background-position":"center center","background-size":"auto","background-attachment":"scroll","background-type":"","background-media":"","overlay-type":"","overlay-color":"","overlay-opacity":"","overlay-gradient":""},"mobile":{"background-color":"var(--ast-global-color-5)","background-image":"","background-repeat":"repeat","background-position":"center center","background-size":"auto","background-attachment":"scroll","background-type":"","background-media":"","overlay-type":"","overlay-color":"","overlay-opacity":"","overlay-gradient":""}},"footnotes":""},"class_list":["post-1684","page","type-page","status-publish","hentry"],"acf":[],"_links":{"self":[{"href":"https:\/\/okasemuuseum.ee\/en\/wp-json\/wp\/v2\/pages\/1684","targetHints":{"allow":["GET"]}}],"collection":[{"href":"https:\/\/okasemuuseum.ee\/en\/wp-json\/wp\/v2\/pages"}],"about":[{"href":"https:\/\/okasemuuseum.ee\/en\/wp-json\/wp\/v2\/types\/page"}],"author":[{"embeddable":true,"href":"https:\/\/okasemuuseum.ee\/en\/wp-json\/wp\/v2\/users\/1"}],"replies":[{"embeddable":true,"href":"https:\/\/okasemuuseum.ee\/en\/wp-json\/wp\/v2\/comments?post=1684"}],"version-history":[{"count":27,"href":"https:\/\/okasemuuseum.ee\/en\/wp-json\/wp\/v2\/pages\/1684\/revisions"}],"predecessor-version":[{"id":3659,"href":"https:\/\/okasemuuseum.ee\/en\/wp-json\/wp\/v2\/pages\/1684\/revisions\/3659"}],"wp:attachment":[{"href":"https:\/\/okasemuuseum.ee\/en\/wp-json\/wp\/v2\/media?parent=1684"}],"curies":[{"name":"wp","href":"https:\/\/api.w.org\/{rel}","templated":true}]}}